{"id":724,"date":"2025-07-30T07:26:44","date_gmt":"2025-07-30T07:26:44","guid":{"rendered":"https:\/\/emiliogomezseguros.es\/servicios\/"},"modified":"2025-07-30T07:51:20","modified_gmt":"2025-07-30T07:51:20","slug":"servicios","status":"publish","type":"page","link":"https:\/\/emiliogomezseguros.es\/en\/servicios\/","title":{"rendered":"Servicios"},"content":{"rendered":"<section class=\"header_14_1 background-1-light\" id=\"\" data-block-id=\"69e755332a16969e755332a16b\" data-block-name=\"acf\/header-14-1\" data-post-id=\"724\" data-stable-id=\"block_453c5d9663e2364fbe45c51b74b21607\">\r\n    <div class=\"container\">\r\n        <div class=\"row\">\r\n            <div class=\"col col-top\" data-aos=\"fade-up\">\r\n                                <div class=\"subtitulo color-1-headings-dark tamano6\">Protege tu futuro<\/div>\r\n                                                <h1 class=\"tamano2 color-1-headings-dark\">Seguros, Ahorro e Inversi\u00f3n a tu alcance<\/h1>\r\n                                                <div class=\"texto tamano7 color-1-body-dark\"><p>Conf\u00eda en nosotros para proteger lo que amas<\/p>\n<\/div>\r\n                \r\n                                <div class=\"enlaces\">\r\n                                            <a href=\"#\" target=\"\" class=\"btn-round tamano-7-mediumcta color-boton-3-texto-normal color-boton-3-texto-hover color-boton-3-normal color-boton-3-hover\">\r\n    \r\n    <span>Cont\u00e1ctanos<\/span>\r\n<\/a>\r\n\r\n<style>\r\n    .btn-border-rounded {\r\n        border-radius: 12px !important;\r\n    }\r\n\r\n    .btn-border-square {\r\n        border-radius: 0 !important;\r\n    }\r\n\r\n    \/* Estilos de hover *\/\r\n    .btn-hover-hover1:hover {\r\n        filter: contrast(0.55);\r\n    }\r\n\r\n    .btn-hover-hover2:hover {\r\n        filter: sepia(2);\r\n    }\r\n\r\n    \/* Estilos del icono cuando existe *\/\r\n    a i {\r\n        margin-right: 8px;\r\n        font-size: 16px;\r\n    }\r\n\r\n    \/* Icono Lucide *\/\r\n    .btn-icon--lucide {\r\n        display: inline-flex;\r\n        align-items: center;\r\n        justify-content: center;\r\n        margin-right: 8px;\r\n    }\r\n\r\n    .btn-icon--lucide svg {\r\n        width: 16px;\r\n        height: 16px;\r\n        display: block;\r\n    }\r\n<\/style>\r\n                    \r\n                                            <a href=\"#\" target=\"\" class=\"btn-round tamano-7-mediumcta color-boton-3-texto-normal color-boton-2-texto-hover color-boton-3-normal color-boton-2-hover\">\r\n    \r\n    <span>Descubre m\u00e1s<\/span>\r\n<\/a>\r\n\r\n<style>\r\n    .btn-border-rounded {\r\n        border-radius: 12px !important;\r\n    }\r\n\r\n    .btn-border-square {\r\n        border-radius: 0 !important;\r\n    }\r\n\r\n    \/* Estilos de hover *\/\r\n    .btn-hover-hover1:hover {\r\n        filter: contrast(0.55);\r\n    }\r\n\r\n    .btn-hover-hover2:hover {\r\n        filter: sepia(2);\r\n    }\r\n\r\n    \/* Estilos del icono cuando existe *\/\r\n    a i {\r\n        margin-right: 8px;\r\n        font-size: 16px;\r\n    }\r\n\r\n    \/* Icono Lucide *\/\r\n    .btn-icon--lucide {\r\n        display: inline-flex;\r\n        align-items: center;\r\n        justify-content: center;\r\n        margin-right: 8px;\r\n    }\r\n\r\n    .btn-icon--lucide svg {\r\n        width: 16px;\r\n        height: 16px;\r\n        display: block;\r\n    }\r\n<\/style>\r\n                                    <\/div>\r\n                            <\/div>\r\n        <\/div>\r\n    <\/div>\r\n            <div class=\"imagen\" data-aos=\"zoom-in\" style=\"background-image:url('https:\/\/emiliogomezseguros.es\/wp-content\/uploads\/2025\/07\/Leonardo_Vision_XL_Diseo_web_monocromtico_para_una_compaa_de_s_0.jpg');\"\r\n            aria-label=\"\"><\/div>\r\n    <\/section>\r\n<style>\r\n    .header_14_1 {\r\n        height: 100%;\r\n        max-height: 1081px;\r\n    }\r\n\r\n    .header_14_1 .btn-round {\r\n        border-radius: 60px;\r\n        padding: 12px 25px;\r\n        display: inline-block;\r\n        min-width: 175px;\r\n        text-align: center;\r\n        text-decoration: none;\r\n    }\r\n\r\n    .header_14_1 .btn-round.secundario {\r\n        background-color: var(--color-boton-3-hover);\r\n        color: var(--color-boton-3-texto-hover);\r\n    }\r\n\r\n    .header_14_1 .btn-round.secundario:hover {\r\n        background-color: var(--color-boton-3-normal);\r\n        color: var(--color-boton-3-texto-normal);\r\n    }\r\n\r\n    .header_14_1 .subtitulo {\r\n        padding-bottom: 22px;\r\n    }\r\n\r\n    .header_14_1 .col-top h1 {\r\n        padding-bottom: 22px;\r\n    }\r\n\r\n    .header_14_1 .col-top {\r\n        height: 100%;\r\n        min-height: calc(51dvh - 150px);\r\n        display: flex;\r\n        flex-direction: column;\r\n        justify-content: center;\r\n        align-items: center;\r\n\r\n        max-width: 1230px;\r\n        margin: 0 auto;\r\n        text-align: center;\r\n        padding: 50px 50px 102px;\r\n    }\r\n\r\n    .header_14_1 .imagen {\r\n        height: 500px;\r\n        background-position: center;\r\n        background-repeat: no-repeat;\r\n        background-size: cover;\r\n    }\r\n\r\n    .header_14_1 .enlaces {\r\n        display: inline-flex;\r\n        gap: 25px;\r\n        flex-wrap: wrap;\r\n        margin-top: 35px;\r\n        justify-content: center;\r\n    }\r\n\r\n    @media (max-width:992px) {\r\n        .header_14_1 {\r\n            height: auto;\r\n            max-height: initial;\r\n        }\r\n\r\n        .header_14_1 .col-top {\r\n            min-height: initial;\r\n            padding: 30px 0 50px;\r\n        }\r\n\r\n        .header_14_1 .imagen {\r\n            max-height: 284px;\r\n        }\r\n    }\r\n\r\n    @media (max-width:768px) {\r\n        .header_14_1 .col-top h1 {\r\n            line-height: var(--tamano3-line-height);\r\n        }\r\n    }\r\n\r\n    @media (max-width:400px) {\r\n        .header_14_1 .row {\r\n            margin: 0;\r\n        }\r\n    }\r\n<\/style>\r\n<section class=\"services_curvy1_17_3_1 background-1-light\" id=\"\" data-block-id=\"69e755332f3fd69e755332f3fe\" data-block-name=\"acf\/services-curvy1-17-3-1\" data-post-id=\"724\" data-stable-id=\"block_44af96a0fb5403d3dc95f1677a5794e5\">\r\n    <div class=\"container\">\r\n        <div class=\"row\">\r\n            <div class=\"col col-top\">\r\n                <div class=\"left\">\r\n                                        <h2 class=\"color-1-headings-dark tamano3\">Descubre seguros personalizados con Emilio Jos\u00e9 Gomez: protecci\u00f3n y ahorro a tu medida<\/h2>\r\n                                                            <div class=\"texto tamano7 color-1-body-dark\"><p>En Emilio Jos\u00e9 Gomez ofrecemos soluciones en seguros de protecci\u00f3n, ahorro e inversi\u00f3n. Tu tranquilidad, nuestro compromiso. Con\u00f3cenos y planifica tu futuro con confianza.<\/p>\n<\/div>\r\n                                    <\/div>\r\n                <div class=\"right\">\r\n                    <div class=\"flechas\">\r\n                        <div class=\"izquierda\">\r\n                            <svg width=\"40\" height=\"40\" viewBox=\"0 0 40 40\" fill=\"none\"\r\n                                xmlns=\"http:\/\/www.w3.org\/2000\/svg\">\r\n                                <circle cx=\"20\" cy=\"20\" r=\"19.25\" transform=\"rotate(180 20 20)\"\r\n                                    stroke=\"#211D4F\" stroke-width=\"1.5\" \/>\r\n                                <path fill-rule=\"evenodd\" clip-rule=\"evenodd\"\r\n                                    d=\"M18.7517 23.6925C19.0596 23.9696 19.0846 24.4438 18.8075 24.7517C18.5304 25.0596 18.0562 25.0846 17.7483 24.8075L12.7508 20.3097C12.5969 20.1723 12.5 19.9725 12.5 19.75C12.5 19.5275 12.5969 19.3276 12.7508 19.1902L17.7483 14.6925C18.0562 14.4154 18.5304 14.4404 18.8075 14.7483C19.0846 15.0562 19.0596 15.5304 18.7517 15.8075L15.2045 19L27.25 19C27.6642 19 28 19.3358 28 19.75C28 20.1642 27.6642 20.5 27.25 20.5L15.2045 20.5L18.7517 23.6925Z\"\r\n                                    fill=\"#211D4F\" \/>\r\n                            <\/svg>\r\n                        <\/div>\r\n                        <div class=\"derecha\">\r\n                            <svg width=\"40\" height=\"40\" viewBox=\"0 0 40 40\" fill=\"none\"\r\n                                xmlns=\"http:\/\/www.w3.org\/2000\/svg\">\r\n                                <circle cx=\"20\" cy=\"20\" r=\"19.25\" transform=\"rotate(180 20 20)\"\r\n                                    stroke=\"#211D4F\" stroke-width=\"1.5\" \/>\r\n                                <path fill-rule=\"evenodd\" clip-rule=\"evenodd\"\r\n                                    d=\"M18.7517 23.6925C19.0596 23.9696 19.0846 24.4438 18.8075 24.7517C18.5304 25.0596 18.0562 25.0846 17.7483 24.8075L12.7508 20.3097C12.5969 20.1723 12.5 19.9725 12.5 19.75C12.5 19.5275 12.5969 19.3276 12.7508 19.1902L17.7483 14.6925C18.0562 14.4154 18.5304 14.4404 18.8075 14.7483C19.0846 15.0562 19.0596 15.5304 18.7517 15.8075L15.2045 19L27.25 19C27.6642 19 28 19.3358 28 19.75C28 20.1642 27.6642 20.5 27.25 20.5L15.2045 20.5L18.7517 23.6925Z\"\r\n                                    fill=\"#211D4F\" \/>\r\n                            <\/svg>\r\n                        <\/div>\r\n                    <\/div>\r\n                <\/div>\r\n            <\/div>\r\n        <\/div>\r\n        <div class=\"row row-servicios\">\r\n            <div class=\"col col-servicios\">\r\n                <div class=\"slider\">\r\n                                                                    <div class=\"servicio-item\">\r\n                            <div class=\"imagenCont\">\r\n                                <div class=\"imagen\"\r\n                                    aria-label=\"\"\r\n                                    style=\"background-image:url('https:\/\/emiliogomezseguros.es\/wp-content\/uploads\/2025\/07\/Leonardo_Vision_XL_Disear_una_imagen_monocromtica_para_la_secc_0.jpg');\"><\/div>\r\n                            <\/div>\r\n                            <div class=\"meta background-1-dark\">\r\n                                <div class=\"top\">\r\n                                                                        <h3 class=\"tamano5 color-2-headings-light\">Seguros y Ahorro<\/h3>\r\n                                                                                                            <div class=\"texto tamano7 color-2-body-light\"><p>Descubre nuestras soluciones en seguros y productos de ahorro para proteger tu futuro econ\u00f3mico. Conf\u00eda en nuestro equipo experto. <\/p>\n<\/div>\r\n                                                                    <\/div>\r\n                                <div class=\"bottom\">\r\n                                                                        <a class=\"btn-round tamano-7-mediumcta color-boton-3-texto-normal color-boton-3-normal\"\r\n                                        href=\"#\"\r\n                                        target=\"\">M\u00e1s info<\/a>\r\n                                                                    <\/div>\r\n                            <\/div>\r\n                        <\/div>\r\n                                                <div class=\"servicio-item\">\r\n                            <div class=\"imagenCont\">\r\n                                <div class=\"imagen\"\r\n                                    aria-label=\"\"\r\n                                    style=\"background-image:url('https:\/\/emiliogomezseguros.es\/wp-content\/uploads\/2025\/07\/Leonardo_Vision_XL_Diseo_de_estilo_monocromtico_para_seccin_Se_0.jpg');\"><\/div>\r\n                            <\/div>\r\n                            <div class=\"meta background-1-dark\">\r\n                                <div class=\"top\">\r\n                                                                        <h3 class=\"tamano5 color-2-headings-light\">Tu Seguro Ideal<\/h3>\r\n                                                                                                            <div class=\"texto tamano7 color-2-body-light\"><p>Protege tus ahorros e invierte sin preocupaciones. Descubre productos de ahorro y protecci\u00f3n adaptados a ti.<\/p>\n<\/div>\r\n                                                                    <\/div>\r\n                                <div class=\"bottom\">\r\n                                                                        <a class=\"btn-round tamano-7-mediumcta color-boton-3-texto-normal color-boton-3-normal\"\r\n                                        href=\"#\"\r\n                                        target=\"\">Saber m\u00e1s<\/a>\r\n                                                                    <\/div>\r\n                            <\/div>\r\n                        <\/div>\r\n                                                <div class=\"servicio-item\">\r\n                            <div class=\"imagenCont\">\r\n                                <div class=\"imagen\"\r\n                                    aria-label=\"\"\r\n                                    style=\"background-image:url('https:\/\/emiliogomezseguros.es\/wp-content\/uploads\/2025\/07\/Leonardo_Vision_XL_Crea_una_imagen_monocromtica_con_lneas_curv_0.jpg');\"><\/div>\r\n                            <\/div>\r\n                            <div class=\"meta background-1-dark\">\r\n                                <div class=\"top\">\r\n                                                                        <h3 class=\"tamano5 color-2-headings-light\">Protecci\u00f3n Total<\/h3>\r\n                                                                                                            <div class=\"texto tamano7 color-2-body-light\"><p>Asegura tu futuro con nuestros planes de ahorro y protecci\u00f3n, adaptados a tus necesidades y con la confianza de expertos.<\/p>\n<\/div>\r\n                                                                    <\/div>\r\n                                <div class=\"bottom\">\r\n                                                                        <a class=\"btn-round tamano-7-mediumcta color-boton-3-texto-normal color-boton-3-normal\"\r\n                                        href=\"#\"\r\n                                        target=\"\">Descubre m\u00e1s<\/a>\r\n                                                                    <\/div>\r\n                            <\/div>\r\n                        <\/div>\r\n                                                <div class=\"servicio-item\">\r\n                            <div class=\"imagenCont\">\r\n                                <div class=\"imagen\"\r\n                                    aria-label=\"\"\r\n                                    style=\"background-image:url('https:\/\/emiliogomezseguros.es\/wp-content\/uploads\/2025\/07\/Leonardo_Vision_XL_Diseo_de_una_escena_monocromtica_para_una_a_0.jpg');\"><\/div>\r\n                            <\/div>\r\n                            <div class=\"meta background-1-dark\">\r\n                                <div class=\"top\">\r\n                                                                        <h3 class=\"tamano5 color-2-headings-light\">Crecimiento Seguro<\/h3>\r\n                                                                                                            <div class=\"texto tamano7 color-2-body-light\"><p>Protege tus finanzas con soluciones a medida. Conf\u00eda en nuestro equipo experto para asegurar tu futuro.<\/p>\n<\/div>\r\n                                                                    <\/div>\r\n                                <div class=\"bottom\">\r\n                                                                        <a class=\"btn-round tamano-7-mediumcta color-boton-3-texto-normal color-boton-3-normal\"\r\n                                        href=\"#\"\r\n                                        target=\"\">M\u00e1s info<\/a>\r\n                                                                    <\/div>\r\n                            <\/div>\r\n                        <\/div>\r\n                                                            <\/div>\r\n            <\/div>\r\n        <\/div>\r\n    <\/div>\r\n<\/section>\r\n<style>\r\n    .services_curvy1_17_3_1 .btn-round {\r\n        border-radius: 60px;\r\n        padding: 12px 25px;\r\n        display: inline-block;\r\n        margin-top: 20px;\r\n        min-width: 175px;\r\n        text-align: center;\r\n        transition: all ease .3s;\r\n        text-decoration: none;\r\n        transform: none;\r\n    }\r\n\r\n     .services_curvy1_17_3_1 .col-top .flechas {\r\n        gap: 15px;\r\n        align-items: center;\r\n        display: flex;\r\n        justify-content: end;\r\n    }\r\n\r\n    .services_curvy1_17_3_1 .col-top {\r\n        display: flex;\r\n        align-items: flex-end;\r\n        justify-content: space-between;\r\n        gap: 30px;\r\n        flex-wrap: wrap;\r\n        margin-bottom: 45px;\r\n    }\r\n\r\n    .services_curvy1_17_3_1 .left {\r\n        max-width: 50%;\r\n    }\r\n\r\n    .services_curvy1_17_3_1 .servicio-item h3 {\r\n        transition: all ease .3s;\r\n        padding-bottom: 15px;\r\n    }\r\n\r\n    .services_curvy1_17_3_1 .servicio-item .texto {\r\n        transition: all ease .3s;\r\n    }\r\n\r\n    .services_curvy1_17_3_1 .servicio-item:hover .btn-round {\r\n        transform: translateY(-5px);\r\n    }\r\n\r\n    .services_curvy1_17_3_1 .servicio-item:hover h3 {\r\n        color: var(--boton-4-texto-hover);\r\n    }\r\n\r\n    .services_curvy1_17_3_1 .slick-track {\r\n        display: flex !important;\r\n    }\r\n\r\n    .services_curvy1_17_3_1 .slick-slide {\r\n        height: inherit !important;\r\n    }\r\n\r\n    .services_curvy1_17_3_1 .servicio-item .meta {\r\n        padding: 40px 30px;\r\n        height: calc(100% - 229px);\r\n        display: flex;\r\n        flex-direction: column;\r\n        border-bottom-left-radius: 30px;\r\n        border-bottom-right-radius: 30px;\r\n        justify-content: space-between;\r\n        width: 100%;\r\n    }\r\n\r\n     .services_curvy1_17_3_1 .servicio-item {\r\n        width: 433px;\r\n        display: flex;\r\n        flex-direction: column;\r\n        gap: 0;\r\n        justify-content: space-between;\r\n        align-items: end;\r\n    }\r\n\r\n    .services_curvy1_17_3_1 .servicio-item .imagenCont {\r\n        width: 100%;\r\n        border-top-left-radius: 30px;\r\n        border-top-right-radius: 30px;\r\n        overflow: hidden;\r\n    }\r\n\r\n     .services_curvy1_17_3_1 .servicio-item:hover .imagenCont .imagen {\r\n        transform: scale(1.1);\r\n    }\r\n\r\n    .services_curvy1_17_3_1 .servicio-item .imagenCont .imagen {\r\n        height: 229px;\r\n        transition: all ease .3s;\r\n        width: 100%;\r\n        background-position: center;\r\n        background-size: cover;\r\n        background-repeat: no-repeat;\r\n        border-top-left-radius: 30px;\r\n        border-top-right-radius: 30px;\r\n        transform: none;\r\n    }\r\n\r\n     .services_curvy1_17_3_1 .servicio-item {\r\n        margin: 0 15px;\r\n        border-radius: 3px;\r\n        transition: all ease .3s;\r\n        border-top-left-radius: 30px;\r\n        border-top-right-radius: 30px;\r\n        padding: 0;\r\n    }\r\n\r\n     .services_curvy1_17_3_1 .servicio-item svg {\r\n        width: 62px;\r\n    }\r\n\r\n    .services_curvy1_17_3_1 .slick-list {\r\n        margin: 0 -15px;\r\n    }\r\n\r\n    .services_curvy1_17_3_1 {\r\n        padding: 80px 0;\r\n    }\r\n\r\n    .services_curvy1_17_3_1 .flechas .derecha {\r\n        transform: rotate(180deg);\r\n    }\r\n\r\n    .services_curvy1_17_3_1 .flechas .izquierda,\r\n    .services_curvy1_17_3_1 .flechas .derecha {\r\n        cursor: pointer;\r\n    }\r\n\r\n    .services_curvy1_17_3_1 .flechas svg:hover path {\r\n        fill: var(--color-boton-2-texto-normal);\r\n    }\r\n\r\n    .services_curvy1_17_3_1 .flechas svg path {\r\n        fill: var(--color-boton-2-normal);\r\n        transition: all ease .3s;\r\n    }\r\n\r\n    .services_curvy1_17_3_1 .flechas svg:hover circle {\r\n        fill: var(--color-boton-2-normal);\r\n    }\r\n\r\n    .services_curvy1_17_3_1 .flechas svg circle {\r\n        fill: transparent;\r\n        stroke: var(--color-boton-2-normal);\r\n        transition: all ease .3s;\r\n    }\r\n\r\n    .services_curvy1_17_3_1 h2 {\r\n        padding-bottom: 50px;\r\n    }\r\n\r\n    @media (max-width:992px) {\r\n        .services_curvy1_17_3_1 .servicio-item svg {\r\n            width: 40px;\r\n        }\r\n\r\n        .services_curvy1_17_3_1 h2 {\r\n            padding-bottom: 35px;\r\n        }\r\n\r\n        .services_curvy1_17_3_1 {\r\n            padding: 40px 0;\r\n        }\r\n\r\n        .services_curvy1_17_3_1 .col-top {\r\n            flex-direction: column;\r\n            margin-bottom: 30px;\r\n        }\r\n\r\n        .services_curvy1_17_3_1 .left,\r\n        .services_curvy1_17_3_1 .right {\r\n            max-width: 100%;\r\n        }\r\n\r\n        .services_curvy1_17_3_1 .servicio-item .meta {\r\n            padding: 20px;\r\n        }\r\n\r\n        .services_curvy1_17_3_1 .flechas {\r\n            justify-content: center;\r\n        }\r\n    }\r\n<\/style>\r\n<script>\r\n    jQuery(document).ready(function() {\r\n        jQuery('.services_curvy1_17_3_1 .slider').slick({\r\n            dots: false,\r\n            arrows: true,\r\n            infinite: true,\r\n            prevArrow: jQuery('.services_curvy1_17_3_1 .flechas .izquierda'),\r\n            nextArrow: jQuery('.services_curvy1_17_3_1 .flechas .derecha'),\r\n            speed: 300,\r\n            slidesToShow: 4,\r\n            responsive: [{\r\n                    breakpoint: 1550,\r\n                    settings: {\r\n                        slidesToShow: 3\r\n                    }\r\n                },\r\n                {\r\n                    breakpoint: 1200,\r\n                    settings: {\r\n                        slidesToShow: 2\r\n                    }\r\n                },\r\n                {\r\n                    breakpoint: 768,\r\n                    settings: {\r\n                        slidesToShow: 1\r\n                    }\r\n                }\r\n            ]\r\n        });\r\n    });\r\n<\/script>\r\n","protected":false},"excerpt":{"rendered":"","protected":false},"author":0,"featured_media":0,"parent":0,"menu_order":0,"comment_status":"open","ping_status":"closed","template":"","meta":{"_acf_changed":false,"iawp_total_views":0,"footnotes":""},"class_list":["post-724","page","type-page","status-publish","hentry"],"acf":[],"yoast_head":"<!-- This site is optimized with the Yoast SEO plugin v27.4 - https:\/\/yoast.com\/product\/yoast-seo-wordpress\/ -->\n<title>Servicios - Emilio Jos\u00e9 Gomez<\/title>\n<meta name=\"robots\" content=\"index, follow, max-snippet:-1, max-image-preview:large, max-video-preview:-1\" \/>\n<link rel=\"canonical\" href=\"https:\/\/emiliogomezseguros.es\/en\/servicios\/\" \/>\n<meta property=\"og:locale\" content=\"en_US\" \/>\n<meta property=\"og:type\" content=\"article\" \/>\n<meta property=\"og:title\" content=\"Servicios - Emilio Jos\u00e9 Gomez\" \/>\n<meta property=\"og:url\" content=\"https:\/\/emiliogomezseguros.es\/en\/servicios\/\" \/>\n<meta property=\"og:site_name\" content=\"Emilio Jos\u00e9 Gomez\" \/>\n<meta property=\"article:modified_time\" content=\"2025-07-30T07:51:20+00:00\" \/>\n<meta name=\"twitter:card\" content=\"summary_large_image\" \/>\n<!-- \/ Yoast SEO plugin. -->","yoast_head_json":{"title":"Servicios - Emilio Jos\u00e9 Gomez","robots":{"index":"index","follow":"follow","max-snippet":"max-snippet:-1","max-image-preview":"max-image-preview:large","max-video-preview":"max-video-preview:-1"},"canonical":"https:\/\/emiliogomezseguros.es\/en\/servicios\/","og_locale":"en_US","og_type":"article","og_title":"Servicios - Emilio Jos\u00e9 Gomez","og_url":"https:\/\/emiliogomezseguros.es\/en\/servicios\/","og_site_name":"Emilio Jos\u00e9 Gomez","article_modified_time":"2025-07-30T07:51:20+00:00","twitter_card":"summary_large_image","schema":{"@context":"https:\/\/schema.org","@graph":[{"@type":"WebPage","@id":"https:\/\/emiliogomezseguros.es\/en\/servicios\/","url":"https:\/\/emiliogomezseguros.es\/en\/servicios\/","name":"Servicios - Emilio Jos\u00e9 Gomez","isPartOf":{"@id":"https:\/\/emiliogomezseguros.es\/en\/#website"},"datePublished":"2025-07-30T07:26:44+00:00","dateModified":"2025-07-30T07:51:20+00:00","breadcrumb":{"@id":"https:\/\/emiliogomezseguros.es\/en\/servicios\/#breadcrumb"},"inLanguage":"en-US","potentialAction":[{"@type":"ReadAction","target":["https:\/\/emiliogomezseguros.es\/en\/servicios\/"]}]},{"@type":"BreadcrumbList","@id":"https:\/\/emiliogomezseguros.es\/en\/servicios\/#breadcrumb","itemListElement":[{"@type":"ListItem","position":1,"name":"Portada","item":"https:\/\/emiliogomezseguros.es\/en\/"},{"@type":"ListItem","position":2,"name":"Servicios"}]},{"@type":"WebSite","@id":"https:\/\/emiliogomezseguros.es\/en\/#website","url":"https:\/\/emiliogomezseguros.es\/en\/","name":"Emilio Jos\u00e9 Gomez","description":"","publisher":{"@id":"https:\/\/emiliogomezseguros.es\/en\/#organization"},"potentialAction":[{"@type":"SearchAction","target":{"@type":"EntryPoint","urlTemplate":"https:\/\/emiliogomezseguros.es\/en\/?s={search_term_string}"},"query-input":{"@type":"PropertyValueSpecification","valueRequired":true,"valueName":"search_term_string"}}],"inLanguage":"en-US"},{"@type":"Organization","@id":"https:\/\/emiliogomezseguros.es\/en\/#organization","name":"Emilio Jos\u00e9 Gomez","url":"https:\/\/emiliogomezseguros.es\/en\/","logo":{"@type":"ImageObject","inLanguage":"en-US","@id":"https:\/\/emiliogomezseguros.es\/en\/#\/schema\/logo\/image\/","url":"https:\/\/emiliogomezseguros.es\/wp-content\/uploads\/2025\/07\/Leonardo_Phoenix_09_Disear_un_logotipo_para_una_compaa_de_segu_0.jpg","contentUrl":"https:\/\/emiliogomezseguros.es\/wp-content\/uploads\/2025\/07\/Leonardo_Phoenix_09_Disear_un_logotipo_para_una_compaa_de_segu_0.jpg","width":768,"height":768,"caption":"Emilio Jos\u00e9 Gomez"},"image":{"@id":"https:\/\/emiliogomezseguros.es\/en\/#\/schema\/logo\/image\/"}}]}},"_links":{"self":[{"href":"https:\/\/emiliogomezseguros.es\/en\/wp-json\/wp\/v2\/pages\/724","targetHints":{"allow":["GET"]}}],"collection":[{"href":"https:\/\/emiliogomezseguros.es\/en\/wp-json\/wp\/v2\/pages"}],"about":[{"href":"https:\/\/emiliogomezseguros.es\/en\/wp-json\/wp\/v2\/types\/page"}],"replies":[{"embeddable":true,"href":"https:\/\/emiliogomezseguros.es\/en\/wp-json\/wp\/v2\/comments?post=724"}],"version-history":[{"count":1,"href":"https:\/\/emiliogomezseguros.es\/en\/wp-json\/wp\/v2\/pages\/724\/revisions"}],"predecessor-version":[{"id":733,"href":"https:\/\/emiliogomezseguros.es\/en\/wp-json\/wp\/v2\/pages\/724\/revisions\/733"}],"wp:attachment":[{"href":"https:\/\/emiliogomezseguros.es\/en\/wp-json\/wp\/v2\/media?parent=724"}],"curies":[{"name":"wp","href":"https:\/\/api.w.org\/{rel}","templated":true}]}}