{"id":583,"date":"2025-07-21T12:52:50","date_gmt":"2025-07-21T12:52:50","guid":{"rendered":"https:\/\/emiliogomezseguros.es\/producto\/proteccion-civil-y-seguridad-nautica\/"},"modified":"2025-07-24T15:23:08","modified_gmt":"2025-07-24T15:23:08","slug":"proteccion-civil-y-seguridad-nautica","status":"publish","type":"product","link":"https:\/\/emiliogomezseguros.es\/en\/producto\/proteccion-civil-y-seguridad-nautica\/","title":{"rendered":"Protecci\u00f3n Civil y Seguridad N\u00e1utica"},"content":{"rendered":"","protected":false},"excerpt":{"rendered":"<p>Seguros para responsabilidad civil y embarcaciones de recreo.<\/p>\n","protected":false},"featured_media":492,"comment_status":"open","ping_status":"closed","template":"","meta":{"_acf_changed":false,"iawp_total_views":0},"marca":[51,91],"product_brand":[],"product_cat":[102,103],"product_tag":[119,111,105],"class_list":{"0":"post-583","1":"product","2":"type-product","3":"status-publish","4":"has-post-thumbnail","6":"marca-emilio-jose","7":"marca-seguros-plus","8":"product_cat-embarcaciones-de-recreo-en","9":"product_cat-responsabilidad-civil-en","10":"product_tag-aseguradora-en","11":"product_tag-inversion-en","12":"product_tag-proteccion-en","14":"first","15":"instock","16":"sale","17":"shipping-taxable","18":"purchasable","19":"product-type-simple"},"acf":[],"yoast_head":"<!-- This site is optimized with the Yoast SEO plugin v27.4 - https:\/\/yoast.com\/product\/yoast-seo-wordpress\/ -->\n<title>Protecci\u00f3n Civil y Seguridad N\u00e1utica - Emilio Jos\u00e9 Gomez<\/title>\n<meta name=\"robots\" content=\"index, follow, max-snippet:-1, max-image-preview:large, max-video-preview:-1\" \/>\n<link rel=\"canonical\" href=\"https:\/\/emiliogomezseguros.es\/en\/producto\/proteccion-civil-y-seguridad-nautica\/\" \/>\n<meta property=\"og:locale\" content=\"en_US\" \/>\n<meta property=\"og:type\" content=\"article\" \/>\n<meta property=\"og:title\" content=\"Protecci\u00f3n Civil y Seguridad N\u00e1utica - Emilio Jos\u00e9 Gomez\" \/>\n<meta property=\"og:description\" content=\"Seguros para responsabilidad civil y embarcaciones de recreo.\" \/>\n<meta property=\"og:url\" content=\"https:\/\/emiliogomezseguros.es\/en\/producto\/proteccion-civil-y-seguridad-nautica\/\" \/>\n<meta property=\"og:site_name\" content=\"Emilio Jos\u00e9 Gomez\" \/>\n<meta property=\"article:modified_time\" content=\"2025-07-24T15:23:08+00:00\" \/>\n<meta property=\"og:image\" content=\"https:\/\/emiliogomezseguros.es\/wp-content\/uploads\/2025\/07\/Leonardo_Vision_XL_Una_imagen_elegante_que_transmita_seguridad_0.jpg\" \/>\n\t<meta property=\"og:image:width\" content=\"1792\" \/>\n\t<meta property=\"og:image:height\" content=\"1456\" \/>\n\t<meta property=\"og:image:type\" content=\"image\/jpeg\" \/>\n<meta name=\"twitter:card\" content=\"summary_large_image\" \/>\n<!-- \/ Yoast SEO plugin. -->","yoast_head_json":{"title":"Protecci\u00f3n Civil y Seguridad N\u00e1utica - Emilio Jos\u00e9 Gomez","robots":{"index":"index","follow":"follow","max-snippet":"max-snippet:-1","max-image-preview":"max-image-preview:large","max-video-preview":"max-video-preview:-1"},"canonical":"https:\/\/emiliogomezseguros.es\/en\/producto\/proteccion-civil-y-seguridad-nautica\/","og_locale":"en_US","og_type":"article","og_title":"Protecci\u00f3n Civil y Seguridad N\u00e1utica - Emilio Jos\u00e9 Gomez","og_description":"Seguros para responsabilidad civil y embarcaciones de recreo.","og_url":"https:\/\/emiliogomezseguros.es\/en\/producto\/proteccion-civil-y-seguridad-nautica\/","og_site_name":"Emilio Jos\u00e9 Gomez","article_modified_time":"2025-07-24T15:23:08+00:00","og_image":[{"width":1792,"height":1456,"url":"https:\/\/emiliogomezseguros.es\/wp-content\/uploads\/2025\/07\/Leonardo_Vision_XL_Una_imagen_elegante_que_transmita_seguridad_0.jpg","type":"image\/jpeg"}],"twitter_card":"summary_large_image","schema":{"@context":"https:\/\/schema.org","@graph":[{"@type":"WebPage","@id":"https:\/\/emiliogomezseguros.es\/en\/producto\/proteccion-civil-y-seguridad-nautica\/","url":"https:\/\/emiliogomezseguros.es\/en\/producto\/proteccion-civil-y-seguridad-nautica\/","name":"Protecci\u00f3n Civil y Seguridad N\u00e1utica - Emilio Jos\u00e9 Gomez","isPartOf":{"@id":"https:\/\/emiliogomezseguros.es\/en\/#website"},"primaryImageOfPage":{"@id":"https:\/\/emiliogomezseguros.es\/en\/producto\/proteccion-civil-y-seguridad-nautica\/#primaryimage"},"image":{"@id":"https:\/\/emiliogomezseguros.es\/en\/producto\/proteccion-civil-y-seguridad-nautica\/#primaryimage"},"thumbnailUrl":"https:\/\/emiliogomezseguros.es\/wp-content\/uploads\/2025\/07\/Leonardo_Vision_XL_Una_imagen_elegante_que_transmita_seguridad_0.jpg","datePublished":"2025-07-21T12:52:50+00:00","dateModified":"2025-07-24T15:23:08+00:00","breadcrumb":{"@id":"https:\/\/emiliogomezseguros.es\/en\/producto\/proteccion-civil-y-seguridad-nautica\/#breadcrumb"},"inLanguage":"en-US","potentialAction":[{"@type":"ReadAction","target":["https:\/\/emiliogomezseguros.es\/en\/producto\/proteccion-civil-y-seguridad-nautica\/"]}]},{"@type":"ImageObject","inLanguage":"en-US","@id":"https:\/\/emiliogomezseguros.es\/en\/producto\/proteccion-civil-y-seguridad-nautica\/#primaryimage","url":"https:\/\/emiliogomezseguros.es\/wp-content\/uploads\/2025\/07\/Leonardo_Vision_XL_Una_imagen_elegante_que_transmita_seguridad_0.jpg","contentUrl":"https:\/\/emiliogomezseguros.es\/wp-content\/uploads\/2025\/07\/Leonardo_Vision_XL_Una_imagen_elegante_que_transmita_seguridad_0.jpg","width":1792,"height":1456},{"@type":"BreadcrumbList","@id":"https:\/\/emiliogomezseguros.es\/en\/producto\/proteccion-civil-y-seguridad-nautica\/#breadcrumb","itemListElement":[{"@type":"ListItem","position":1,"name":"Portada","item":"https:\/\/emiliogomezseguros.es\/en\/"},{"@type":"ListItem","position":2,"name":"Tienda","item":"https:\/\/emiliogomezseguros.es\/en\/tienda\/"},{"@type":"ListItem","position":3,"name":"Protecci\u00f3n Civil y Seguridad N\u00e1utica"}]},{"@type":"WebSite","@id":"https:\/\/emiliogomezseguros.es\/en\/#website","url":"https:\/\/emiliogomezseguros.es\/en\/","name":"Emilio Jos\u00e9 Gomez","description":"","publisher":{"@id":"https:\/\/emiliogomezseguros.es\/en\/#organization"},"potentialAction":[{"@type":"SearchAction","target":{"@type":"EntryPoint","urlTemplate":"https:\/\/emiliogomezseguros.es\/en\/?s={search_term_string}"},"query-input":{"@type":"PropertyValueSpecification","valueRequired":true,"valueName":"search_term_string"}}],"inLanguage":"en-US"},{"@type":"Organization","@id":"https:\/\/emiliogomezseguros.es\/en\/#organization","name":"Emilio Jos\u00e9 Gomez","url":"https:\/\/emiliogomezseguros.es\/en\/","logo":{"@type":"ImageObject","inLanguage":"en-US","@id":"https:\/\/emiliogomezseguros.es\/en\/#\/schema\/logo\/image\/","url":"https:\/\/emiliogomezseguros.es\/wp-content\/uploads\/2025\/07\/Leonardo_Phoenix_09_Disear_un_logotipo_para_una_compaa_de_segu_0.jpg","contentUrl":"https:\/\/emiliogomezseguros.es\/wp-content\/uploads\/2025\/07\/Leonardo_Phoenix_09_Disear_un_logotipo_para_una_compaa_de_segu_0.jpg","width":768,"height":768,"caption":"Emilio Jos\u00e9 Gomez"},"image":{"@id":"https:\/\/emiliogomezseguros.es\/en\/#\/schema\/logo\/image\/"}}]}},"_links":{"self":[{"href":"https:\/\/emiliogomezseguros.es\/en\/wp-json\/wp\/v2\/product\/583","targetHints":{"allow":["GET"]}}],"collection":[{"href":"https:\/\/emiliogomezseguros.es\/en\/wp-json\/wp\/v2\/product"}],"about":[{"href":"https:\/\/emiliogomezseguros.es\/en\/wp-json\/wp\/v2\/types\/product"}],"replies":[{"embeddable":true,"href":"https:\/\/emiliogomezseguros.es\/en\/wp-json\/wp\/v2\/comments?post=583"}],"wp:featuredmedia":[{"embeddable":true,"href":"https:\/\/emiliogomezseguros.es\/en\/wp-json\/wp\/v2\/media\/492"}],"wp:attachment":[{"href":"https:\/\/emiliogomezseguros.es\/en\/wp-json\/wp\/v2\/media?parent=583"}],"wp:term":[{"taxonomy":"marca","embeddable":true,"href":"https:\/\/emiliogomezseguros.es\/en\/wp-json\/wp\/v2\/marca?post=583"},{"taxonomy":"product_brand","embeddable":true,"href":"https:\/\/emiliogomezseguros.es\/en\/wp-json\/wp\/v2\/product_brand?post=583"},{"taxonomy":"product_cat","embeddable":true,"href":"https:\/\/emiliogomezseguros.es\/en\/wp-json\/wp\/v2\/product_cat?post=583"},{"taxonomy":"product_tag","embeddable":true,"href":"https:\/\/emiliogomezseguros.es\/en\/wp-json\/wp\/v2\/product_tag?post=583"}],"curies":[{"name":"wp","href":"https:\/\/api.w.org\/{rel}","templated":true}]}}