{"id":596,"date":"2025-07-21T12:40:49","date_gmt":"2025-07-21T12:40:49","guid":{"rendered":"https:\/\/emiliogomezseguros.es\/producto\/proteccion-integral-multirriesgo-y-vida\/"},"modified":"2025-07-24T15:23:09","modified_gmt":"2025-07-24T15:23:09","slug":"proteccion-integral-multirriesgo-y-vida","status":"publish","type":"product","link":"https:\/\/emiliogomezseguros.es\/en\/producto\/proteccion-integral-multirriesgo-y-vida\/","title":{"rendered":"Protecci\u00f3n Integral Multirriesgo y Vida"},"content":{"rendered":"","protected":false},"excerpt":{"rendered":"<p>Cobertura total para ahorro e inversi\u00f3n.<\/p>\n","protected":false},"featured_media":375,"comment_status":"open","ping_status":"closed","template":"","meta":{"_acf_changed":false,"iawp_total_views":0},"marca":[52,51],"product_brand":[],"product_cat":[114,113],"product_tag":[109,111,105],"class_list":{"0":"post-596","1":"product","2":"type-product","3":"status-publish","4":"has-post-thumbnail","6":"marca-aseguradora-ej","7":"marca-emilio-jose","8":"product_cat-multiriesgo-en","9":"product_cat-vida-en","10":"product_tag-ahorro-en","11":"product_tag-inversion-en","12":"product_tag-proteccion-en","14":"first","15":"instock","16":"sale","17":"shipping-taxable","18":"purchasable","19":"product-type-simple"},"acf":[],"yoast_head":"<!-- This site is optimized with the Yoast SEO plugin v27.4 - https:\/\/yoast.com\/product\/yoast-seo-wordpress\/ -->\n<title>Protecci\u00f3n Integral Multirriesgo y Vida - Emilio Jos\u00e9 Gomez<\/title>\n<meta name=\"robots\" content=\"index, follow, max-snippet:-1, max-image-preview:large, max-video-preview:-1\" \/>\n<link rel=\"canonical\" href=\"https:\/\/emiliogomezseguros.es\/en\/producto\/proteccion-integral-multirriesgo-y-vida\/\" \/>\n<meta property=\"og:locale\" content=\"en_US\" \/>\n<meta property=\"og:type\" content=\"article\" \/>\n<meta property=\"og:title\" content=\"Protecci\u00f3n Integral Multirriesgo y Vida - Emilio Jos\u00e9 Gomez\" \/>\n<meta property=\"og:description\" content=\"Cobertura total para ahorro e inversi\u00f3n.\" \/>\n<meta property=\"og:url\" content=\"https:\/\/emiliogomezseguros.es\/en\/producto\/proteccion-integral-multirriesgo-y-vida\/\" \/>\n<meta property=\"og:site_name\" content=\"Emilio Jos\u00e9 Gomez\" \/>\n<meta property=\"article:modified_time\" content=\"2025-07-24T15:23:09+00:00\" \/>\n<meta property=\"og:image\" content=\"https:\/\/emiliogomezseguros.es\/wp-content\/uploads\/2025\/07\/Leonardo_Vision_XL_Una_imagen_formal_que_represente_un_entorno_0.jpg\" \/>\n\t<meta property=\"og:image:width\" content=\"1792\" \/>\n\t<meta property=\"og:image:height\" content=\"1456\" \/>\n\t<meta property=\"og:image:type\" content=\"image\/jpeg\" \/>\n<meta name=\"twitter:card\" content=\"summary_large_image\" \/>\n<!-- \/ Yoast SEO plugin. -->","yoast_head_json":{"title":"Protecci\u00f3n Integral Multirriesgo y Vida - Emilio Jos\u00e9 Gomez","robots":{"index":"index","follow":"follow","max-snippet":"max-snippet:-1","max-image-preview":"max-image-preview:large","max-video-preview":"max-video-preview:-1"},"canonical":"https:\/\/emiliogomezseguros.es\/en\/producto\/proteccion-integral-multirriesgo-y-vida\/","og_locale":"en_US","og_type":"article","og_title":"Protecci\u00f3n Integral Multirriesgo y Vida - Emilio Jos\u00e9 Gomez","og_description":"Cobertura total para ahorro e inversi\u00f3n.","og_url":"https:\/\/emiliogomezseguros.es\/en\/producto\/proteccion-integral-multirriesgo-y-vida\/","og_site_name":"Emilio Jos\u00e9 Gomez","article_modified_time":"2025-07-24T15:23:09+00:00","og_image":[{"width":1792,"height":1456,"url":"https:\/\/emiliogomezseguros.es\/wp-content\/uploads\/2025\/07\/Leonardo_Vision_XL_Una_imagen_formal_que_represente_un_entorno_0.jpg","type":"image\/jpeg"}],"twitter_card":"summary_large_image","schema":{"@context":"https:\/\/schema.org","@graph":[{"@type":"WebPage","@id":"https:\/\/emiliogomezseguros.es\/en\/producto\/proteccion-integral-multirriesgo-y-vida\/","url":"https:\/\/emiliogomezseguros.es\/en\/producto\/proteccion-integral-multirriesgo-y-vida\/","name":"Protecci\u00f3n Integral Multirriesgo y Vida - Emilio Jos\u00e9 Gomez","isPartOf":{"@id":"https:\/\/emiliogomezseguros.es\/en\/#website"},"primaryImageOfPage":{"@id":"https:\/\/emiliogomezseguros.es\/en\/producto\/proteccion-integral-multirriesgo-y-vida\/#primaryimage"},"image":{"@id":"https:\/\/emiliogomezseguros.es\/en\/producto\/proteccion-integral-multirriesgo-y-vida\/#primaryimage"},"thumbnailUrl":"https:\/\/emiliogomezseguros.es\/wp-content\/uploads\/2025\/07\/Leonardo_Vision_XL_Una_imagen_formal_que_represente_un_entorno_0.jpg","datePublished":"2025-07-21T12:40:49+00:00","dateModified":"2025-07-24T15:23:09+00:00","breadcrumb":{"@id":"https:\/\/emiliogomezseguros.es\/en\/producto\/proteccion-integral-multirriesgo-y-vida\/#breadcrumb"},"inLanguage":"en-US","potentialAction":[{"@type":"ReadAction","target":["https:\/\/emiliogomezseguros.es\/en\/producto\/proteccion-integral-multirriesgo-y-vida\/"]}]},{"@type":"ImageObject","inLanguage":"en-US","@id":"https:\/\/emiliogomezseguros.es\/en\/producto\/proteccion-integral-multirriesgo-y-vida\/#primaryimage","url":"https:\/\/emiliogomezseguros.es\/wp-content\/uploads\/2025\/07\/Leonardo_Vision_XL_Una_imagen_formal_que_represente_un_entorno_0.jpg","contentUrl":"https:\/\/emiliogomezseguros.es\/wp-content\/uploads\/2025\/07\/Leonardo_Vision_XL_Una_imagen_formal_que_represente_un_entorno_0.jpg","width":1792,"height":1456},{"@type":"BreadcrumbList","@id":"https:\/\/emiliogomezseguros.es\/en\/producto\/proteccion-integral-multirriesgo-y-vida\/#breadcrumb","itemListElement":[{"@type":"ListItem","position":1,"name":"Portada","item":"https:\/\/emiliogomezseguros.es\/en\/"},{"@type":"ListItem","position":2,"name":"Tienda","item":"https:\/\/emiliogomezseguros.es\/en\/tienda\/"},{"@type":"ListItem","position":3,"name":"Protecci\u00f3n Integral Multirriesgo y Vida"}]},{"@type":"WebSite","@id":"https:\/\/emiliogomezseguros.es\/en\/#website","url":"https:\/\/emiliogomezseguros.es\/en\/","name":"Emilio Jos\u00e9 Gomez","description":"","publisher":{"@id":"https:\/\/emiliogomezseguros.es\/en\/#organization"},"potentialAction":[{"@type":"SearchAction","target":{"@type":"EntryPoint","urlTemplate":"https:\/\/emiliogomezseguros.es\/en\/?s={search_term_string}"},"query-input":{"@type":"PropertyValueSpecification","valueRequired":true,"valueName":"search_term_string"}}],"inLanguage":"en-US"},{"@type":"Organization","@id":"https:\/\/emiliogomezseguros.es\/en\/#organization","name":"Emilio Jos\u00e9 Gomez","url":"https:\/\/emiliogomezseguros.es\/en\/","logo":{"@type":"ImageObject","inLanguage":"en-US","@id":"https:\/\/emiliogomezseguros.es\/en\/#\/schema\/logo\/image\/","url":"https:\/\/emiliogomezseguros.es\/wp-content\/uploads\/2025\/07\/Leonardo_Phoenix_09_Disear_un_logotipo_para_una_compaa_de_segu_0.jpg","contentUrl":"https:\/\/emiliogomezseguros.es\/wp-content\/uploads\/2025\/07\/Leonardo_Phoenix_09_Disear_un_logotipo_para_una_compaa_de_segu_0.jpg","width":768,"height":768,"caption":"Emilio Jos\u00e9 Gomez"},"image":{"@id":"https:\/\/emiliogomezseguros.es\/en\/#\/schema\/logo\/image\/"}}]}},"_links":{"self":[{"href":"https:\/\/emiliogomezseguros.es\/en\/wp-json\/wp\/v2\/product\/596","targetHints":{"allow":["GET"]}}],"collection":[{"href":"https:\/\/emiliogomezseguros.es\/en\/wp-json\/wp\/v2\/product"}],"about":[{"href":"https:\/\/emiliogomezseguros.es\/en\/wp-json\/wp\/v2\/types\/product"}],"replies":[{"embeddable":true,"href":"https:\/\/emiliogomezseguros.es\/en\/wp-json\/wp\/v2\/comments?post=596"}],"wp:featuredmedia":[{"embeddable":true,"href":"https:\/\/emiliogomezseguros.es\/en\/wp-json\/wp\/v2\/media\/375"}],"wp:attachment":[{"href":"https:\/\/emiliogomezseguros.es\/en\/wp-json\/wp\/v2\/media?parent=596"}],"wp:term":[{"taxonomy":"marca","embeddable":true,"href":"https:\/\/emiliogomezseguros.es\/en\/wp-json\/wp\/v2\/marca?post=596"},{"taxonomy":"product_brand","embeddable":true,"href":"https:\/\/emiliogomezseguros.es\/en\/wp-json\/wp\/v2\/product_brand?post=596"},{"taxonomy":"product_cat","embeddable":true,"href":"https:\/\/emiliogomezseguros.es\/en\/wp-json\/wp\/v2\/product_cat?post=596"},{"taxonomy":"product_tag","embeddable":true,"href":"https:\/\/emiliogomezseguros.es\/en\/wp-json\/wp\/v2\/product_tag?post=596"}],"curies":[{"name":"wp","href":"https:\/\/api.w.org\/{rel}","templated":true}]}}